{"id":40057,"date":"2025-03-22T10:29:22","date_gmt":"2025-03-22T09:29:22","guid":{"rendered":"https:\/\/theoriginsearth.com\/accueil-prochainement\/"},"modified":"2025-03-29T10:24:04","modified_gmt":"2025-03-29T09:24:04","slug":"accueil-prochainement","status":"publish","type":"page","link":"https:\/\/theoriginsearth.com\/fr\/","title":{"rendered":"Accueil Prochainement"},"content":{"rendered":"\t\t<div data-elementor-type=\"wp-page\" data-elementor-id=\"40057\" class=\"elementor elementor-40057 elementor-39632\" data-elementor-post-type=\"page\">\n\t\t\t\t\t\t<section class=\"elementor-section elementor-top-section elementor-element elementor-element-25276b1 elementor-section-full_width elementor-section-content-middle elementor-section-stretched elementor-section-height-full elementor-section-height-default elementor-section-items-middle\" data-id=\"25276b1\" data-element_type=\"section\" data-e-type=\"section\" data-settings=\"{&quot;stretch_section&quot;:&quot;section-stretched&quot;,&quot;background_background&quot;:&quot;classic&quot;}\">\n\t\t\t\t\t\t\t<div class=\"elementor-background-overlay\"><\/div>\n\t\t\t\t\t\t\t<div class=\"elementor-container elementor-column-gap-default\">\n\t\t\t\t\t<div class=\"elementor-column elementor-col-100 elementor-top-column elementor-element elementor-element-720d7a0\" data-id=\"720d7a0\" data-element_type=\"column\" data-e-type=\"column\">\n\t\t\t<div class=\"elementor-widget-wrap elementor-element-populated\">\n\t\t\t\t\t\t<div class=\"elementor-element elementor-element-611f1c6 elementor-widget-divider--view-line_text elementor-widget-divider--element-align-center elementor-widget elementor-widget-divider\" data-id=\"611f1c6\" data-element_type=\"widget\" data-e-type=\"widget\" data-widget_type=\"divider.default\">\n\t\t\t\t<div class=\"elementor-widget-container\">\n\t\t\t\t\t\t\t<div class=\"elementor-divider\">\n\t\t\t<span class=\"elementor-divider-separator\">\n\t\t\t\t\t\t\t<span class=\"elementor-divider__text elementor-divider__element\">\n\t\t\t\tTHE ORIGINS EARTH\t\t\t\t<\/span>\n\t\t\t\t\t\t<\/span>\n\t\t<\/div>\n\t\t\t\t\t\t<\/div>\n\t\t\t\t<\/div>\n\t\t\t\t<div class=\"elementor-element elementor-element-9dd7871 elementor-widget elementor-widget-heading\" data-id=\"9dd7871\" data-element_type=\"widget\" data-e-type=\"widget\" data-widget_type=\"heading.default\">\n\t\t\t\t<div class=\"elementor-widget-container\">\n\t\t\t\t\t<h2 class=\"elementor-heading-title elementor-size-default\">Nous reviendrons tr\u00e8s bient\u00f4t avec de nouvelles choses int\u00e9ressantes.<\/h2>\t\t\t\t<\/div>\n\t\t\t\t<\/div>\n\t\t\t\t<div class=\"elementor-element elementor-element-4114977 elementor-widget elementor-widget-spacer\" data-id=\"4114977\" data-element_type=\"widget\" data-e-type=\"widget\" data-widget_type=\"spacer.default\">\n\t\t\t\t<div class=\"elementor-widget-container\">\n\t\t\t\t\t\t\t<div class=\"elementor-spacer\">\n\t\t\t<div class=\"elementor-spacer-inner\"><\/div>\n\t\t<\/div>\n\t\t\t\t\t\t<\/div>\n\t\t\t\t<\/div>\n\t\t\t\t<div class=\"elementor-element elementor-element-aa79491 elementor-widget elementor-widget-heading\" data-id=\"aa79491\" data-element_type=\"widget\" data-e-type=\"widget\" data-widget_type=\"heading.default\">\n\t\t\t\t<div class=\"elementor-widget-container\">\n\t\t\t\t\t<h2 class=\"elementor-heading-title elementor-size-default\">VISITEZ NOTRE MEDIA<\/h2>\t\t\t\t<\/div>\n\t\t\t\t<\/div>\n\t\t\t\t<div class=\"elementor-element elementor-element-7faaa75 elementor-align-center elementor-widget elementor-widget-button\" data-id=\"7faaa75\" data-element_type=\"widget\" data-e-type=\"widget\" data-widget_type=\"button.default\">\n\t\t\t\t<div class=\"elementor-widget-container\">\n\t\t\t\t\t\t\t\t\t<div class=\"elementor-button-wrapper\">\n\t\t\t\t\t<a class=\"elementor-button elementor-button-link elementor-size-sm elementor-animation-grow\" href=\"https:\/\/theoriginsearthblog.com\/fr\">\n\t\t\t\t\t\t<span class=\"elementor-button-content-wrapper\">\n\t\t\t\t\t\t\t\t\t<span class=\"elementor-button-text\">MEDIA<\/span>\n\t\t\t\t\t<\/span>\n\t\t\t\t\t<\/a>\n\t\t\t\t<\/div>\n\t\t\t\t\t\t\t\t<\/div>\n\t\t\t\t<\/div>\n\t\t\t\t\t<\/div>\n\t\t<\/div>\n\t\t\t\t\t<\/div>\n\t\t<\/section>\n\t\t\t\t<\/div>\n\t\t","protected":false},"excerpt":{"rendered":"<p>THE ORIGINS EARTH Nous reviendrons tr\u00e8s bient\u00f4t avec de nouvelles choses int\u00e9ressantes. VISITEZ NOTRE MEDIA MEDIA<\/p>\n","protected":false},"author":1,"featured_media":39751,"parent":0,"menu_order":0,"comment_status":"closed","ping_status":"closed","template":"elementor_canvas","meta":{"footnotes":""},"class_list":["post-40057","page","type-page","status-publish","has-post-thumbnail","hentry"],"yoast_head":"<!-- This site is optimized with the Yoast SEO plugin v26.9 - https:\/\/yoast.com\/product\/yoast-seo-wordpress\/ -->\n<title>The Origins Earth &#8211; Accueil<\/title>\n<meta name=\"description\" content=\"The Origins Earth &#8211; Agence de m\u00e9dias et de production sp\u00e9cialis\u00e9e dans le contenu visuel pour les entreprises \u00e9cologiques. Nous travaillons en tant que plateforme \u00e9co-responsable.\" \/>\n<meta name=\"robots\" content=\"index, follow, max-snippet:-1, max-image-preview:large, max-video-preview:-1\" \/>\n<link rel=\"canonical\" href=\"https:\/\/theoriginsearth.com\/fr\/\" \/>\n<meta property=\"og:locale\" content=\"fr_FR\" \/>\n<meta property=\"og:type\" content=\"article\" \/>\n<meta property=\"og:title\" content=\"The Origins Earth &#8211; Accueil\" \/>\n<meta property=\"og:description\" content=\"The Origins Earth &#8211; Agence de m\u00e9dias et de production sp\u00e9cialis\u00e9e dans le contenu visuel pour les entreprises \u00e9cologiques. Nous travaillons en tant que plateforme \u00e9co-responsable.\" \/>\n<meta property=\"og:url\" content=\"https:\/\/theoriginsearth.com\/fr\/\" \/>\n<meta property=\"og:site_name\" content=\"The Origins Earth\" \/>\n<meta property=\"article:publisher\" content=\"https:\/\/www.facebook.com\/theoriginsearth\" \/>\n<meta property=\"article:modified_time\" content=\"2025-03-29T09:24:04+00:00\" \/>\n<meta property=\"og:image\" content=\"https:\/\/theoriginsearth.com\/wp-content\/uploads\/2022\/03\/The-Origins-Earth-.png\" \/>\n\t<meta property=\"og:image:width\" content=\"1080\" \/>\n\t<meta property=\"og:image:height\" content=\"1080\" \/>\n\t<meta property=\"og:image:type\" content=\"image\/png\" \/>\n<meta name=\"twitter:card\" content=\"summary_large_image\" \/>\n<meta name=\"twitter:label1\" content=\"Dur\u00e9e de lecture estim\u00e9e\" \/>\n\t<meta name=\"twitter:data1\" content=\"1 minute\" \/>\n<script type=\"application\/ld+json\" class=\"yoast-schema-graph\">{\"@context\":\"https:\/\/schema.org\",\"@graph\":[{\"@type\":\"WebPage\",\"@id\":\"https:\/\/theoriginsearth.com\/fr\/\",\"url\":\"https:\/\/theoriginsearth.com\/fr\/\",\"name\":\"The Origins Earth &#8211; Accueil\",\"isPartOf\":{\"@id\":\"https:\/\/theoriginsearth.com\/fr\/#website\"},\"primaryImageOfPage\":{\"@id\":\"https:\/\/theoriginsearth.com\/fr\/#primaryimage\"},\"image\":{\"@id\":\"https:\/\/theoriginsearth.com\/fr\/#primaryimage\"},\"thumbnailUrl\":\"https:\/\/theoriginsearth.com\/wp-content\/uploads\/2022\/03\/The-Origins-Earth-.png\",\"datePublished\":\"2025-03-22T09:29:22+00:00\",\"dateModified\":\"2025-03-29T09:24:04+00:00\",\"description\":\"The Origins Earth &#8211; Agence de m\u00e9dias et de production sp\u00e9cialis\u00e9e dans le contenu visuel pour les entreprises \u00e9cologiques. Nous travaillons en tant que plateforme \u00e9co-responsable.\",\"breadcrumb\":{\"@id\":\"https:\/\/theoriginsearth.com\/fr\/#breadcrumb\"},\"inLanguage\":\"fr-FR\",\"potentialAction\":[{\"@type\":\"ReadAction\",\"target\":[\"https:\/\/theoriginsearth.com\/fr\/\"]}]},{\"@type\":\"ImageObject\",\"inLanguage\":\"fr-FR\",\"@id\":\"https:\/\/theoriginsearth.com\/fr\/#primaryimage\",\"url\":\"https:\/\/theoriginsearth.com\/wp-content\/uploads\/2022\/03\/The-Origins-Earth-.png\",\"contentUrl\":\"https:\/\/theoriginsearth.com\/wp-content\/uploads\/2022\/03\/The-Origins-Earth-.png\",\"width\":1080,\"height\":1080,\"caption\":\"the origins earth's logo\"},{\"@type\":\"BreadcrumbList\",\"@id\":\"https:\/\/theoriginsearth.com\/fr\/#breadcrumb\",\"itemListElement\":[{\"@type\":\"ListItem\",\"position\":1,\"name\":\"Accueil\",\"item\":\"https:\/\/theoriginsearth.com\/fr\/\"},{\"@type\":\"ListItem\",\"position\":2,\"name\":\"Accueil Prochainement\"}]},{\"@type\":\"WebSite\",\"@id\":\"https:\/\/theoriginsearth.com\/fr\/#website\",\"url\":\"https:\/\/theoriginsearth.com\/fr\/\",\"name\":\"The Origins Earth - Agency in Environment, Ecology and Ecotourism\",\"description\":\"Back to the origins\",\"publisher\":{\"@id\":\"https:\/\/theoriginsearth.com\/fr\/#organization\"},\"potentialAction\":[{\"@type\":\"SearchAction\",\"target\":{\"@type\":\"EntryPoint\",\"urlTemplate\":\"https:\/\/theoriginsearth.com\/fr\/?s={search_term_string}\"},\"query-input\":{\"@type\":\"PropertyValueSpecification\",\"valueRequired\":true,\"valueName\":\"search_term_string\"}}],\"inLanguage\":\"fr-FR\"},{\"@type\":\"Organization\",\"@id\":\"https:\/\/theoriginsearth.com\/fr\/#organization\",\"name\":\"The Origins Earth\",\"url\":\"https:\/\/theoriginsearth.com\/fr\/\",\"logo\":{\"@type\":\"ImageObject\",\"inLanguage\":\"fr-FR\",\"@id\":\"https:\/\/theoriginsearth.com\/fr\/#\/schema\/logo\/image\/\",\"url\":\"https:\/\/theoriginsearth.com\/wp-content\/uploads\/2022\/03\/The-Origins-Earth-.png\",\"contentUrl\":\"https:\/\/theoriginsearth.com\/wp-content\/uploads\/2022\/03\/The-Origins-Earth-.png\",\"width\":1080,\"height\":1080,\"caption\":\"The Origins Earth\"},\"image\":{\"@id\":\"https:\/\/theoriginsearth.com\/fr\/#\/schema\/logo\/image\/\"},\"sameAs\":[\"https:\/\/www.facebook.com\/theoriginsearth\",\"https:\/\/www.instagram.com\/theoriginsearth\",\"https:\/\/www.linkedin.com\/company\/theoriginsearth\"]}]}<\/script>\n<!-- \/ Yoast SEO plugin. -->","yoast_head_json":{"title":"The Origins Earth &#8211; Accueil","description":"The Origins Earth &#8211; Agence de m\u00e9dias et de production sp\u00e9cialis\u00e9e dans le contenu visuel pour les entreprises \u00e9cologiques. Nous travaillons en tant que plateforme \u00e9co-responsable.","robots":{"index":"index","follow":"follow","max-snippet":"max-snippet:-1","max-image-preview":"max-image-preview:large","max-video-preview":"max-video-preview:-1"},"canonical":"https:\/\/theoriginsearth.com\/fr\/","og_locale":"fr_FR","og_type":"article","og_title":"The Origins Earth &#8211; Accueil","og_description":"The Origins Earth &#8211; Agence de m\u00e9dias et de production sp\u00e9cialis\u00e9e dans le contenu visuel pour les entreprises \u00e9cologiques. Nous travaillons en tant que plateforme \u00e9co-responsable.","og_url":"https:\/\/theoriginsearth.com\/fr\/","og_site_name":"The Origins Earth","article_publisher":"https:\/\/www.facebook.com\/theoriginsearth","article_modified_time":"2025-03-29T09:24:04+00:00","og_image":[{"width":1080,"height":1080,"url":"https:\/\/theoriginsearth.com\/wp-content\/uploads\/2022\/03\/The-Origins-Earth-.png","type":"image\/png"}],"twitter_card":"summary_large_image","twitter_misc":{"Dur\u00e9e de lecture estim\u00e9e":"1 minute"},"schema":{"@context":"https:\/\/schema.org","@graph":[{"@type":"WebPage","@id":"https:\/\/theoriginsearth.com\/fr\/","url":"https:\/\/theoriginsearth.com\/fr\/","name":"The Origins Earth &#8211; Accueil","isPartOf":{"@id":"https:\/\/theoriginsearth.com\/fr\/#website"},"primaryImageOfPage":{"@id":"https:\/\/theoriginsearth.com\/fr\/#primaryimage"},"image":{"@id":"https:\/\/theoriginsearth.com\/fr\/#primaryimage"},"thumbnailUrl":"https:\/\/theoriginsearth.com\/wp-content\/uploads\/2022\/03\/The-Origins-Earth-.png","datePublished":"2025-03-22T09:29:22+00:00","dateModified":"2025-03-29T09:24:04+00:00","description":"The Origins Earth &#8211; Agence de m\u00e9dias et de production sp\u00e9cialis\u00e9e dans le contenu visuel pour les entreprises \u00e9cologiques. Nous travaillons en tant que plateforme \u00e9co-responsable.","breadcrumb":{"@id":"https:\/\/theoriginsearth.com\/fr\/#breadcrumb"},"inLanguage":"fr-FR","potentialAction":[{"@type":"ReadAction","target":["https:\/\/theoriginsearth.com\/fr\/"]}]},{"@type":"ImageObject","inLanguage":"fr-FR","@id":"https:\/\/theoriginsearth.com\/fr\/#primaryimage","url":"https:\/\/theoriginsearth.com\/wp-content\/uploads\/2022\/03\/The-Origins-Earth-.png","contentUrl":"https:\/\/theoriginsearth.com\/wp-content\/uploads\/2022\/03\/The-Origins-Earth-.png","width":1080,"height":1080,"caption":"the origins earth's logo"},{"@type":"BreadcrumbList","@id":"https:\/\/theoriginsearth.com\/fr\/#breadcrumb","itemListElement":[{"@type":"ListItem","position":1,"name":"Accueil","item":"https:\/\/theoriginsearth.com\/fr\/"},{"@type":"ListItem","position":2,"name":"Accueil Prochainement"}]},{"@type":"WebSite","@id":"https:\/\/theoriginsearth.com\/fr\/#website","url":"https:\/\/theoriginsearth.com\/fr\/","name":"The Origins Earth - Agency in Environment, Ecology and Ecotourism","description":"Back to the origins","publisher":{"@id":"https:\/\/theoriginsearth.com\/fr\/#organization"},"potentialAction":[{"@type":"SearchAction","target":{"@type":"EntryPoint","urlTemplate":"https:\/\/theoriginsearth.com\/fr\/?s={search_term_string}"},"query-input":{"@type":"PropertyValueSpecification","valueRequired":true,"valueName":"search_term_string"}}],"inLanguage":"fr-FR"},{"@type":"Organization","@id":"https:\/\/theoriginsearth.com\/fr\/#organization","name":"The Origins Earth","url":"https:\/\/theoriginsearth.com\/fr\/","logo":{"@type":"ImageObject","inLanguage":"fr-FR","@id":"https:\/\/theoriginsearth.com\/fr\/#\/schema\/logo\/image\/","url":"https:\/\/theoriginsearth.com\/wp-content\/uploads\/2022\/03\/The-Origins-Earth-.png","contentUrl":"https:\/\/theoriginsearth.com\/wp-content\/uploads\/2022\/03\/The-Origins-Earth-.png","width":1080,"height":1080,"caption":"The Origins Earth"},"image":{"@id":"https:\/\/theoriginsearth.com\/fr\/#\/schema\/logo\/image\/"},"sameAs":["https:\/\/www.facebook.com\/theoriginsearth","https:\/\/www.instagram.com\/theoriginsearth","https:\/\/www.linkedin.com\/company\/theoriginsearth"]}]}},"jetpack_sharing_enabled":true,"_links":{"self":[{"href":"https:\/\/theoriginsearth.com\/fr\/wp-json\/wp\/v2\/pages\/40057","targetHints":{"allow":["GET"]}}],"collection":[{"href":"https:\/\/theoriginsearth.com\/fr\/wp-json\/wp\/v2\/pages"}],"about":[{"href":"https:\/\/theoriginsearth.com\/fr\/wp-json\/wp\/v2\/types\/page"}],"author":[{"embeddable":true,"href":"https:\/\/theoriginsearth.com\/fr\/wp-json\/wp\/v2\/users\/1"}],"replies":[{"embeddable":true,"href":"https:\/\/theoriginsearth.com\/fr\/wp-json\/wp\/v2\/comments?post=40057"}],"version-history":[{"count":0,"href":"https:\/\/theoriginsearth.com\/fr\/wp-json\/wp\/v2\/pages\/40057\/revisions"}],"wp:featuredmedia":[{"embeddable":true,"href":"https:\/\/theoriginsearth.com\/fr\/wp-json\/wp\/v2\/media\/39751"}],"wp:attachment":[{"href":"https:\/\/theoriginsearth.com\/fr\/wp-json\/wp\/v2\/media?parent=40057"}],"curies":[{"name":"wp","href":"https:\/\/api.w.org\/{rel}","templated":true}]}}